{"id":35,"date":"2022-06-05T22:10:21","date_gmt":"2022-06-06T02:10:21","guid":{"rendered":"https:\/\/jesusestlavie.org\/?page_id=35"},"modified":"2022-06-05T22:50:40","modified_gmt":"2022-06-06T02:50:40","slug":"35-2","status":"publish","type":"page","link":"https:\/\/jesusestlavie.org\/index.php\/35-2\/","title":{"rendered":"About"},"content":{"rendered":"\n<div class=\"wp-container-1 wp-block-group\"><div class=\"wp-block-group__inner-container\">\n<div class=\"wp-block-columns are-vertically-aligned-center\">\n<div class=\"wp-block-column is-vertically-aligned-center\" style=\"flex-basis:100%\">\n<section id=\"section-82b25d42-2e1d-4b12-ab67-097c60041c52\" class=\"wp-block-gutentor-about-block gutentor-section gutentor-about about-template1 has-color-bg has-custom-bg\"><div class=\"grid-container\"><div class=\"gutentor-grid-item-wrap\"><div class=\"gutentor-single-item\"><div class=\"grid-row\"><div class=\"grid-md-6 about-grid\"><div class=\"gutentor-single-item-image-box\"><div class=\"gutentor-image-thumb\"><img class=\"normal-image\" src=\"https:\/\/jesusestlavie.org\/wp-content\/uploads\/2022\/04\/logo.png\" alt=\"\"\/><\/div><\/div><\/div><div class=\"grid-md-6 about-grid\"><div class=\"gutentor-single-item-content\"><div class=\"gutentor-about-content\"><h3 class=\"gutentor-single-item-title\">About<\/h3><p class=\"gutentor-single-item-desc\">Nous  rendrons Grace au siegneur Jesus pour son  amour .<br>JESUS EST LA VIE  est un movement create  par les instruction de  Notre  consolateur,  le Saint Esprit pour rassanble  c est  enfant  orphelin and ceux qui sont dans les besion.<br>Car Dieu a tant aim\u00e9 le monde qu\u2019il a donn\u00e9 son Fils unique,\u00a0afin que quiconque croit en lui ne p\u00e9risse point, mais qu\u2019il ait la vie \u00e9ternelle.\u00a0Dieu, en effet, n\u2019a pas envoy\u00e9 son Fils dans le monde pour qu\u2019il juge le monde, mais pour que le monde soit sauv\u00e9 par lui.\u00a0Celui qui croit en lui n\u2019est point jug\u00e9; mais celui qui ne croit pas est d\u00e9j\u00e0 jug\u00e9, parce qu\u2019il n\u2019a pas cru au nom du Fils unique de Dieu ( Jean 3:16-18 LSG)<\/p><a class=\"gutentor-button gutentor-single-item-button gutentor-icon-after\" href=\"#\"><i class=\"gutentor-button-icon fas fa-chevron-right\"><\/i><span>Read More<\/span><\/a><\/div><\/div><\/div><\/div><\/div><\/div><\/div><\/section>\n<\/div>\n<\/div>\n<\/div><\/div>\n","protected":false},"excerpt":{"rendered":"","protected":false},"author":1,"featured_media":0,"parent":0,"menu_order":0,"comment_status":"closed","ping_status":"closed","template":"template-gutentor-full-width.php","meta":{"om_disable_all_campaigns":false,"_monsterinsights_skip_tracking":false,"_monsterinsights_sitenote_active":false,"_monsterinsights_sitenote_note":"","_monsterinsights_sitenote_category":0},"_links":{"self":[{"href":"https:\/\/jesusestlavie.org\/index.php\/wp-json\/wp\/v2\/pages\/35"}],"collection":[{"href":"https:\/\/jesusestlavie.org\/index.php\/wp-json\/wp\/v2\/pages"}],"about":[{"href":"https:\/\/jesusestlavie.org\/index.php\/wp-json\/wp\/v2\/types\/page"}],"author":[{"embeddable":true,"href":"https:\/\/jesusestlavie.org\/index.php\/wp-json\/wp\/v2\/users\/1"}],"replies":[{"embeddable":true,"href":"https:\/\/jesusestlavie.org\/index.php\/wp-json\/wp\/v2\/comments?post=35"}],"version-history":[{"count":9,"href":"https:\/\/jesusestlavie.org\/index.php\/wp-json\/wp\/v2\/pages\/35\/revisions"}],"predecessor-version":[{"id":46,"href":"https:\/\/jesusestlavie.org\/index.php\/wp-json\/wp\/v2\/pages\/35\/revisions\/46"}],"wp:attachment":[{"href":"https:\/\/jesusestlavie.org\/index.php\/wp-json\/wp\/v2\/media?parent=35"}],"curies":[{"name":"wp","href":"https:\/\/api.w.org\/{rel}","templated":true}]}}